{"id":2750,"date":"2019-09-09T13:27:54","date_gmt":"2019-09-09T13:27:54","guid":{"rendered":"http:\/\/multilingual.schmidts2brazil.com\/home\/"},"modified":"2022-08-27T23:31:32","modified_gmt":"2022-08-27T23:31:32","slug":"home","status":"publish","type":"page","link":"https:\/\/multilingual.schmidts2brazil.com\/de\/","title":{"rendered":"Home"},"content":{"rendered":"\t\t<div data-elementor-type=\"wp-page\" data-elementor-id=\"2750\" class=\"elementor elementor-2750\" data-elementor-post-type=\"page\">\n\t\t\t\t<div class=\"elementor-element elementor-element-85be1fc e-flex e-con-boxed e-con e-parent\" data-id=\"85be1fc\" data-element_type=\"container\" data-e-type=\"container\" data-settings=\"{&quot;background_background&quot;:&quot;classic&quot;,&quot;jet_parallax_layout_list&quot;:[]}\">\n\t\t\t\t\t<div class=\"e-con-inner\">\n\t\t\t\t<div class=\"elementor-element elementor-element-570d8b8 elementor-widget elementor-widget-heading\" data-id=\"570d8b8\" data-element_type=\"widget\" data-e-type=\"widget\" data-widget_type=\"heading.default\">\n\t\t\t\t<div class=\"elementor-widget-container\">\n\t\t\t\t\t<h2 class=\"elementor-heading-title elementor-size-default\">Diese Website feiert wahre Siege im Sport und im Leben, jetzt und f\u00fcr immer. Bitte schau es dir an!<\/h2>\t\t\t\t<\/div>\n\t\t\t\t<\/div>\n\t\t\t\t\t<\/div>\n\t\t\t\t<\/div>\n\t\t<div class=\"elementor-element elementor-element-7f1330e e-flex e-con-boxed e-con e-parent\" data-id=\"7f1330e\" data-element_type=\"container\" data-e-type=\"container\" data-settings=\"{&quot;jet_parallax_layout_list&quot;:[]}\">\n\t\t\t\t\t<div class=\"e-con-inner\">\n\t\t<div class=\"elementor-element elementor-element-a6c1533 e-con-full e-flex e-con e-parent\" data-id=\"a6c1533\" data-element_type=\"container\" data-e-type=\"container\" data-settings=\"{&quot;jet_parallax_layout_list&quot;:[]}\">\n\t\t\t\t<div class=\"elementor-element elementor-element-75ffb0b elementor-widget elementor-widget-heading\" data-id=\"75ffb0b\" data-element_type=\"widget\" data-e-type=\"widget\" data-widget_type=\"heading.default\">\n\t\t\t\t<div class=\"elementor-widget-container\">\n\t\t\t\t\t<h2 class=\"elementor-heading-title elementor-size-default\">Der Sieg im Sport<\/h2>\t\t\t\t<\/div>\n\t\t\t\t<\/div>\n\t\t<div class=\"elementor-element elementor-element-33e8d74 e-con-full e-flex e-con e-parent\" data-id=\"33e8d74\" data-element_type=\"container\" data-e-type=\"container\" data-settings=\"{&quot;jet_parallax_layout_list&quot;:[]}\">\n\t\t<div class=\"elementor-element elementor-element-5d47e49 e-con-full e-flex e-con e-parent\" data-id=\"5d47e49\" data-element_type=\"container\" data-e-type=\"container\" data-settings=\"{&quot;jet_parallax_layout_list&quot;:[]}\">\n\t\t\t\t<div class=\"elementor-element elementor-element-07f631a elementor-widget elementor-widget-jet-team-member\" data-id=\"07f631a\" data-element_type=\"widget\" data-e-type=\"widget\" data-widget_type=\"jet-team-member.default\">\n\t\t\t\t<div class=\"elementor-widget-container\">\n\t\t\t\t\t<div class=\"elementor-jet-team-member jet-elements\"><div class=\"jet-team-member\">\n\t<div class=\"jet-team-member__inner\">\n\t\t<div class=\"jet-team-member__image\">\n\t\t\t<div class=\"jet-team-member__cover\"><\/div>\n\t\t\t<figure class=\"jet-team-member__figure\"><img decoding=\"async\" width=\"121\" height=\"150\" src=\"https:\/\/multilingual.schmidts2brazil.com\/wp-content\/uploads\/2022\/04\/Inniger_v.jpg\" class=\"jet-team-member__img-tag\" alt=\"Inniger_v\" \/><\/figure>\t\t<\/div>\n\t\t<div class=\"jet-team-member__content\"><div class=\"jet-team-member__socials\"><div class=\"jet-team-member__socials-item\"><a href=\"#\" aria-label=\"Twitter\"><\/a><\/div><\/div><\/div>\n\t<\/div>\n<\/div>\n<\/div>\t\t\t\t<\/div>\n\t\t\t\t<\/div>\n\t\t\t\t<div class=\"elementor-element elementor-element-f118874 elementor-widget elementor-widget-heading\" data-id=\"f118874\" data-element_type=\"widget\" data-e-type=\"widget\" data-widget_type=\"heading.default\">\n\t\t\t\t<div class=\"elementor-widget-container\">\n\t\t\t\t\t<h2 class=\"elementor-heading-title elementor-size-default\">Heinz Inniger - Switzerland  Snow Boarding<\/h2>\t\t\t\t<\/div>\n\t\t\t\t<\/div>\n\t\t\t\t<div class=\"elementor-element elementor-element-f2658c8 elementor-widget elementor-widget-text-editor\" data-id=\"f2658c8\" data-element_type=\"widget\" data-e-type=\"widget\" data-widget_type=\"text-editor.default\">\n\t\t\t\t<div class=\"elementor-widget-container\">\n\t\t\t\t\t\t\t\t\t<p>Mit 17 Jahren stand Heinz das erste Mal auf dem Snowboard, mit 23 Jahren zuoberst auf dem Treppchen. Mitten in der Nach um 3.15 Uhr konnte Heinz seiner Frau voller Freude und unter Jubel telefonisch von seinem Sieg in den USA erz\u00e4hlen. Bescheiden meint er: \u201eNach den zwei dritten R\u00e4ngen habe ich gehofft, dass es auch einmal f\u00fcr den obersten Podestplatz reicht. Ich h\u00e4tte daf\u00fcr aber auch noch ein Jahr gewartet.\u201c<\/p><p>Fr\u00fch \u00fcbt sich, was einst in breiter \u00d6ffentlichkeit gezeigt werden soll? Weit gefehlt. \u201eMit 12 Jahren habe ich pl\u00f6tzlich feststellen m\u00fcssen, dass etwas mit meinem linken Bein nicht in Ordnung ist. Die Diagnose des Arztes war vernichtend: Morbus Perthes! Eine seltene Krankheit. Der Arzt sagte mir, dass meine H\u00fcfte regelrecht am \u201aVerbr\u00f6smele\u2019 sei. Nur zwei Personen pro Jahr erhalten im Kanton Bern diese Diagnose.\u201c Heinz Inniger wurde eine Schiene \u2013 ein Gestell \u2013 verpasst, so wie wir es aus dem Film \u201aForrest Gump\u2019 kennen. Das Bein durfte nicht belastet werden. \u201e30 Monate musste ich das Ding angeschnallt haben. In der Schule riefen sie mir Hinkebein nach. Ausser schwimmen und Velo fahren, mit einem Bein notabene, konnte ich nichts machen.\u201c In dieser Zeit habe Heinz oft grosse Einsamkeit gesp\u00fcrt. \u201eich musste mich zur\u00fcckhalten, mich schonen. Mir fehlten echte Freunde, die zu mir standen.\u201c<\/p><p>Durch die Schiene verschlechterte sich die Stellung des Fusses drastisch. Eine gr\u00f6ssere Operation brachte dann Linderung. Bis auf 2cm konnte die Beinl\u00e4nge angepasst werden. Eine Erh\u00f6hung des Absatzes gleicht den Unterschied aus.\u00a0<\/p><p>\u00a0\u201eWenn ich heute die R\u00f6ntgenbilder anschaue, dann l\u00e4uft es mir kalt den R\u00fccken hinunter. W\u00e4hrend dieser ganzen Zeit standen mir meine Eltern zur Seite. Ich habe gelernt, wie wichtig das Gebet ist und was es heisst, geduldig auszuhalten. Jetzt weiss ich: Bei Gott ist nichts unm\u00f6glich!\u201c<\/p><p>Als Snowboardprofi hilft ihm heute diese Erfahrung. \u201eT\u00e4glich sehe ich, dass ich mit meiner k\u00f6rperlichen Voraussetzung die Leistung gar nicht bringen kann. Das h\u00e4lt mich von Gott Abh\u00e4ngig. Auch in Momenten, die \u00fcberhaupt nicht cool sind, weiss ich: Bei Gott ist alles m\u00f6glich. Ich habe erlebt, was wirklich tragf\u00e4hig ist und worauf ich mich verlassen kann.\u201c<\/p><p>Nach den Olympischen Spielen in Turin heisst es wiederum auch f\u00fcr Vancouver: \u201eZuerst muss ich mich mal qualifizieren, doch ich weiss, Gott hat einen guten Plan.\u201c Nat\u00fcrlich gebe es Konkurrenz, doch den Schl\u00fcssel im Umgang damit hat Heinz gefunden. \u201eDas Wichtigste ist f\u00fcr mich die Freude am Erfolg des andern. Auf diese Weise haben auch die anderen Freude an meinem Erfolg. Das l\u00f6st und entspannt.\u201c<\/p><p>Selten genug kommt es vor, dass Heinz Inniger seine einsamen Spuren im Powder ziehen darf. Ein Hochgef\u00fchl \u2013 und es erf\u00fcllt ihn jeweils mit grosser Dankbarkeit und Lebensfreude. Mit der Erfahrung, dass mit Gott nicht unm\u00f6glich ist, will er auch im Leben Spuren hinterlassen.<\/p>\t\t\t\t\t\t\t\t<\/div>\n\t\t\t\t<\/div>\n\t\t\t\t<\/div>\n\t\t\t\t<\/div>\n\t\t\t\t<\/div>\n\t\t\t\t\t<\/div>\n\t\t\t\t<\/div>\n\t\t<div class=\"elementor-element elementor-element-a341158 e-flex e-con-boxed e-con e-parent\" data-id=\"a341158\" data-element_type=\"container\" data-e-type=\"container\" data-settings=\"{&quot;jet_parallax_layout_list&quot;:[]}\">\n\t\t\t\t\t<div class=\"e-con-inner\">\n\t\t\t\t<div class=\"elementor-element elementor-element-e263f84 elementor-widget-divider--separator-type-pattern elementor-widget-divider--view-line elementor-widget elementor-widget-divider\" data-id=\"e263f84\" data-element_type=\"widget\" data-e-type=\"widget\" data-widget_type=\"divider.default\">\n\t\t\t\t<div class=\"elementor-widget-container\">\n\t\t\t\t\t\t\t<div class=\"elementor-divider\" style=\"--divider-pattern-url: url(&quot;data:image\/svg+xml,%3Csvg xmlns=&#039;http:\/\/www.w3.org\/2000\/svg&#039; preserveAspectRatio=&#039;none&#039; overflow=&#039;visible&#039; height=&#039;100%&#039; viewBox=&#039;0 0 24 24&#039; fill=&#039;none&#039; stroke=&#039;black&#039; stroke-width=&#039;1&#039; stroke-linecap=&#039;square&#039; stroke-miterlimit=&#039;10&#039;%3E%3Cpolyline points=&#039;0,18 12,6 24,18 &#039;\/%3E%3C\/svg%3E&quot;);\">\n\t\t\t<span class=\"elementor-divider-separator\">\n\t\t\t\t\t\t<\/span>\n\t\t<\/div>\n\t\t\t\t\t\t<\/div>\n\t\t\t\t<\/div>\n\t\t\t\t\t<\/div>\n\t\t\t\t<\/div>\n\t\t<div class=\"elementor-element elementor-element-e5c5893 e-flex e-con-boxed e-con e-parent\" data-id=\"e5c5893\" data-element_type=\"container\" data-e-type=\"container\" data-settings=\"{&quot;jet_parallax_layout_list&quot;:[]}\">\n\t\t\t\t\t<div class=\"e-con-inner\">\n\t\t<div class=\"elementor-element elementor-element-ac5f083 e-con-full e-flex e-con e-parent\" data-id=\"ac5f083\" data-element_type=\"container\" data-e-type=\"container\" data-settings=\"{&quot;jet_parallax_layout_list&quot;:[]}\">\n\t\t\t\t<div class=\"elementor-element elementor-element-889ccd9 elementor-widget elementor-widget-heading\" data-id=\"889ccd9\" data-element_type=\"widget\" data-e-type=\"widget\" data-widget_type=\"heading.default\">\n\t\t\t\t<div class=\"elementor-widget-container\">\n\t\t\t\t\t<h2 class=\"elementor-heading-title elementor-size-default\">Der Sieg im Leben<\/h2>\t\t\t\t<\/div>\n\t\t\t\t<\/div>\n\t\t<div class=\"elementor-element elementor-element-632c0ef e-con-full e-flex e-con e-parent\" data-id=\"632c0ef\" data-element_type=\"container\" data-e-type=\"container\" data-settings=\"{&quot;jet_parallax_layout_list&quot;:[]}\">\n\t\t<div class=\"elementor-element elementor-element-ea412b2 e-con-full e-flex e-con e-parent\" data-id=\"ea412b2\" data-element_type=\"container\" data-e-type=\"container\" data-settings=\"{&quot;jet_parallax_layout_list&quot;:[]}\">\n\t\t\t\t<div class=\"elementor-element elementor-element-31a3a3f elementor-widget elementor-widget-jet-team-member\" data-id=\"31a3a3f\" data-element_type=\"widget\" data-e-type=\"widget\" data-widget_type=\"jet-team-member.default\">\n\t\t\t\t<div class=\"elementor-widget-container\">\n\t\t\t\t\t<div class=\"elementor-jet-team-member jet-elements\"><div class=\"jet-team-member\">\n\t<div class=\"jet-team-member__inner\">\n\t\t<div class=\"jet-team-member__image\">\n\t\t\t<div class=\"jet-team-member__cover\"><\/div>\n\t\t\t<figure class=\"jet-team-member__figure\"><img fetchpriority=\"high\" decoding=\"async\" width=\"1599\" height=\"870\" src=\"https:\/\/multilingual.schmidts2brazil.com\/wp-content\/uploads\/2022\/04\/heaven.jpg\" class=\"jet-team-member__img-tag\" alt=\"heaven\" srcset=\"https:\/\/multilingual.schmidts2brazil.com\/wp-content\/uploads\/2022\/04\/heaven.jpg 1599w, https:\/\/multilingual.schmidts2brazil.com\/wp-content\/uploads\/2022\/04\/heaven-300x163.jpg 300w, https:\/\/multilingual.schmidts2brazil.com\/wp-content\/uploads\/2022\/04\/heaven-1024x557.jpg 1024w, https:\/\/multilingual.schmidts2brazil.com\/wp-content\/uploads\/2022\/04\/heaven-768x418.jpg 768w, https:\/\/multilingual.schmidts2brazil.com\/wp-content\/uploads\/2022\/04\/heaven-1536x836.jpg 1536w\" sizes=\"(max-width: 1599px) 100vw, 1599px\" \/><\/figure>\t\t<\/div>\n\t\t<div class=\"jet-team-member__content\"><div class=\"jet-team-member__socials\"><div class=\"jet-team-member__socials-item\"><a href=\"#\" aria-label=\"Twitter\"><\/a><\/div><\/div><\/div>\n\t<\/div>\n<\/div>\n<\/div>\t\t\t\t<\/div>\n\t\t\t\t<\/div>\n\t\t\t\t<div class=\"elementor-element elementor-element-2e233d2 elementor-widget elementor-widget-heading\" data-id=\"2e233d2\" data-element_type=\"widget\" data-e-type=\"widget\" data-widget_type=\"heading.default\">\n\t\t\t\t<div class=\"elementor-widget-container\">\n\t\t\t\t\t<h2 class=\"elementor-heading-title elementor-size-default\">Gottes Einfacher Heilsplan<\/h2>\t\t\t\t<\/div>\n\t\t\t\t<\/div>\n\t\t\t\t<div class=\"elementor-element elementor-element-8ad80f7 elementor-widget elementor-widget-text-editor\" data-id=\"8ad80f7\" data-element_type=\"widget\" data-e-type=\"widget\" data-widget_type=\"text-editor.default\">\n\t\t\t\t<div class=\"elementor-widget-container\">\n\t\t\t\t\t\t\t\t\t<p><strong>Lieber Freund!<\/strong> Heute m\u00f6chte ich dir die allerwichtigste Frage deines Lebens stellen. Deine ewige Seligkeit oder dein ewiges Verderben h\u00e4ngt davon ab. Die Frage ist: Bist du erl\u00f6st ? Es handelt sich nicht darum, ob du ein Mitglied einer bestimmten Kirche bist, sondern: Bist du erl\u00f6st ? Es kommt nicht darauf an, wie gut du bist, sondern die Frage ist: Bist du erl\u00f6st ? Niemand kann Gottes Segen erfahren oder das Himmelreich erben, ohne erl\u00f6st zu sein. Jesus sagte zu Nikodemus: ,,Ihr m\u00fc\u00dft von Neuem geboren werden&#8220; (So sagt die Bibel in Johannes 3,7). Gott zeigt uns in Seinem Wort den einzigen Weg zu unserer Erl\u00f6sung. Es ist ganz einfach, du kannst heute noch errettet werden. Zuerst, mein Freund, mu\u00dft du einmal . . .<\/p><p><strong>erkennen, da\u00df du ein S\u00fcnder bist.<\/strong><\/p><p>,,Da ist kein Gerechter, auch nicht einer.&#8220; ,,Denn es ist kein Unterschied, denn alle haben ges\u00fcndigt und erreichen nicht die Herrlichkeit Gottes&#8220; (R\u00f6mer 3,10.23).<\/p><p>Du hast keine M\u00f6glichkeit, erl\u00f6st zu werden, wenn du nicht erkennst, da\u00df du ein S\u00fcnder bist. Als S\u00fcnder bist du zum Tode verurteilt. ,,Der Tod ist der S\u00fcnde Sold&#8220; (R\u00f6mer 6,23). ,,Die S\u00fcnde aber gebiert den Tod&#8220;(Jakobus 1,15). Das bedeutet Trennung von Gott, ewige Verdammnis. Wie schrecklich, mein Freund ! Ja, schrecklich, aber unumst\u00f6\u00dflich wahr. Bedenke, Gott liebt dich so, da\u00df Er Seinen eingeborenen Sohn, Jesus Christus, f\u00fcr dich dahingab.<\/p><p><strong>Jesus hat deine S\u00fcnde getragen.<\/strong><\/p><p>Er starb f\u00fcr dich ! ,,Denn er hat den, der von keiner S\u00fcnde wu\u00dfte, f\u00fcr uns zur S\u00fcnde gemacht, auf da\u00df wir w\u00fcrden in Ihm die Gerechtigkeit, die vor Gott gilt&#8220; (2. Korinther 5,21). ,,Welcher unsere S\u00fcnden selbst hinaufgetragen hat an seinem Leibe auf das Holz, auf da\u00df wir, der S\u00fcnde abgestorben, der Gerechtigkeit leben; durch welches Wunden ihr seid heil geworden&#8220; (1. Petrus 2,24).<\/p><p>Jesus mu\u00dfte sterben, er mu\u00dfte Sein Blutvergie\u00dfen. ,,Denn des Leibes Leben ist im Blut&#8220; (3. Mose 17,11). ,,Ohne Blutvergie\u00dfen geschieht keine Vergebung&#8220; (Hebr\u00e4er 9,22).<\/p><p>Wir k\u00f6nnen nicht verstehen, da\u00df unsere S\u00fcnden Jesus auferlegt wurden aber Gott sagt in Seinem Wort deutlich, da\u00df es so ist. Er starb f\u00fcr dich am Kreuz. Es ist wahr, denn Gott ist kein L\u00fcgner.<\/p><p><strong>Glaube an den Herrn Jesus.<\/strong><\/p><p>Der Kerkermeister in Philippi fragte die Diener Gottes, Paulus und Silas : ,,Was mu\u00df ich tun, damit ich errettet werde ?&#8220; Sie antworteten : ,,Glaube an den Herrn Jesus, und du wirst errettet werden.&#8220; (Apostelgeschichte 16,31). Also ganz einfach ! Glaube an Ihn, der deine S\u00fcnde getragen hat und f\u00fcr dich gestorben ist. Rufe Ihn an !<\/p><p>,,Denn jeder, der irgend den Namen des Herrn anrufen wird, wird errettet werden&#8220; (R\u00f6mer 10,13). Das erste Gebet, da\u00df ein S\u00fcnder beten soll, finden wir im Lukasevangelium, Kap. 18,13: ,,Gott, sei mir S\u00fcnder gn\u00e4dig!&#8220;<\/p><p>Du wei\u00dft also, da\u00df du ein S\u00fcnder bist, und es tut dir leid. Deshalb erhebe gerade in diesem Augenblick dein Herz zu Gott im Gebet, wo auch immer du dich befinden m\u00f6gest. Es braucht kein langes, lautes Gebet zu sein, denn es ist Gottes Wunsch und Wille, da\u00df du errettet wirst. Sage nur ganz einfach: ,,O Gott, ich bin ein S\u00fcnder, und es tut mir leid. Sei mir gn\u00e4dig und errette mich um Jesu willen.&#8220; Nimm Gott einfach bei Seinem Wort. ,,Denn jeder, (und damit bist auch du gemeint) der irgend den Namen des Herrn anrufen wird, wird errettet werden&#8220; (R\u00f6mer 10,13).<\/p><p>Beachte, es hei\u00dft: ,,Der wird errettet werden,&#8220; nicht, der kann vielleicht oder k\u00f6nnte eventuell errettet werden. Nimm Gott bei Seinem Wort. Glaube, und du wirst errettet. Keine Kirche, keine Organisation, keine guten Werke, nichts und niemand kann dich erretten als Jesus allein. Das ist Gottes einfacher Heilsplan.<\/p><p><strong>Nimm heute diese Erl\u00f6sung an.<\/strong><\/p><p>Du bist ein S\u00fcnder, und als solcher bist du verloren. F\u00fcr ewig verloren. Aber du darist an Jesus Christus als deinen Erl\u00f6ser glauben, der f\u00fcr dich gestorben, begraben und auferstanden ist. Rufe Gott nur einfach an in dem Bewu\u00dftsein, da\u00df du ein S\u00fcnder bist, und bitte Ihn, dir gn\u00e4dig zu sein und dich zu erretten um Jesu willen. Nimm Gott einfach bei Seinem Wort, und im Glauben mache dir die ewige Erl\u00f6sung zu eigen.<\/p><p>Du denkst, das k\u00f6nne doch nicht alles sein, was n\u00f6tig ist, um errettet zu werden. Doch, das ist wirklich alles. Gott sei Dank daf\u00fcr. Viele sind schon durch diesen einfachen Weg erl\u00f6st und f\u00fcr Christus gewonnen worden. Es ist schriftgem\u00e4\u00df und Gottes Weg. Mein Freund, glaube und erlebe es\u2013heute. Heute ist der Tag des Heils ,,Sehet, jetzt ist die angenehme Zeit, jetzt ist der Tag des Heils !&#8220; (2. Korinther 6,2). ,,R\u00fchme dich nicht des morgenden Tages, denn du wei\u00dft nicht, was heute sich begeben mag&#8220; (Spr\u00fcche 27,1).<\/p><p>Sollte dir das nicht klar sein, dann lies es immer wieder bis du es verstehst und es dir ganz klar ist. Bitte, lege diese Schrift nicht zur Seite, bis du es erlebt hast. Deine Seele ist mehr wert als die ganze Welt. ,,Was h\u00fclfe es dem Menschen, wenn er die ganze Welt gew\u00f6nne, und n\u00e4hme an seiner Seele Schaden ?&#8220; (Markus 8,36).<\/p><p><strong>Sei deiner Erl\u00f6sung gewi\u00df.<\/strong><\/p><p>Erl\u00f6sung ist wichtiger als alles andere. Wenn deine Seele verloren geht, verlierst du den Himmel, deine ewige Seligkeit. Gott der Herr m\u00f6ge helfen, da\u00df du noch heute errettet wirst. Er will dich erl\u00f6sen, dich beh\u00fcten und bewahren. ,,Es hat euch noch keine denn menschliche Versuchung betroffen; aber Gott ist getreu, der euch nicht l\u00e4\u00dft versuchen \u00fcber euer Verm\u00f6gen, sondern macht, da\u00df die Versuchung so ein Ende gewinne, da\u00df ihr&#8217;s k\u00f6nnet ertragen.&#8220; (I Korinther 10,13) Verla\u00df dich nicht auf deine Gef\u00fchle, sie sind ver\u00e4nderlich. Verla\u00df dich auf Gottes Verhei\u00dfungen, sie \u00e4ndern sich nicht.<\/p><p>Wenn du erl\u00f6st bist, achte t\u00e4glich auf die folgenden drei Dinge:<\/p><p><strong>Bete ! <\/strong>\u2013 dann sprichst du zu Gott.<\/p><p><strong>Lies deine Bibel ! <\/strong>\u2013 dann spricht Gott zu dir.<\/p><p><strong>Bekenne deinen Glauben ! <\/strong>\u2013 dann sprichst du f\u00fcr Gott.<\/p><p>,,Wer nun mich bekennet vor den Menschen, den will ich bekennen vor meinem himmlischen Vater&#8220; (Matth\u00e4us 10,32).<\/p>\t\t\t\t\t\t\t\t<\/div>\n\t\t\t\t<\/div>\n\t\t\t\t<\/div>\n\t\t\t\t<\/div>\n\t\t\t\t<\/div>\n\t\t\t\t\t<\/div>\n\t\t\t\t<\/div>\n\t\t\t\t<section class=\"elementor-section elementor-top-section elementor-element elementor-element-661d192 elementor-section-full_width elementor-section-height-min-height elementor-section-items-stretch elementor-section-content-middle elementor-section-height-default\" data-id=\"661d192\" data-element_type=\"section\" data-e-type=\"section\" data-settings=\"{&quot;background_background&quot;:&quot;classic&quot;,&quot;jet_parallax_layout_list&quot;:[]}\">\n\t\t\t\t\t\t<div class=\"elementor-container elementor-column-gap-no\">\n\t\t\t\t\t<div class=\"elementor-column elementor-col-100 elementor-top-column elementor-element elementor-element-8e3818c\" data-id=\"8e3818c\" data-element_type=\"column\" data-e-type=\"column\">\n\t\t\t<div class=\"elementor-widget-wrap elementor-element-populated\">\n\t\t\t\t\t\t<div class=\"elementor-element elementor-element-80c745f elementor-widget elementor-widget-video\" data-id=\"80c745f\" data-element_type=\"widget\" data-e-type=\"widget\" data-settings=\"{&quot;youtube_url&quot;:&quot;https:\\\/\\\/www.youtube.com\\\/watch?v=tQWhkspL0Jc&quot;,&quot;video_type&quot;:&quot;youtube&quot;,&quot;controls&quot;:&quot;yes&quot;}\" data-widget_type=\"video.default\">\n\t\t\t\t<div class=\"elementor-widget-container\">\n\t\t\t\t\t\t\t<div class=\"elementor-wrapper elementor-open-inline\">\n\t\t\t<div class=\"elementor-video\"><\/div>\t\t<\/div>\n\t\t\t\t\t\t<\/div>\n\t\t\t\t<\/div>\n\t\t\t\t\t<\/div>\n\t\t<\/div>\n\t\t\t\t\t<\/div>\n\t\t<\/section>\n\t\t\t\t<section class=\"elementor-section elementor-top-section elementor-element elementor-element-51bd68e elementor-section-full_width elementor-section-height-min-height elementor-section-items-stretch elementor-section-content-middle elementor-section-height-default\" data-id=\"51bd68e\" data-element_type=\"section\" data-e-type=\"section\" data-settings=\"{&quot;background_background&quot;:&quot;classic&quot;,&quot;jet_parallax_layout_list&quot;:[]}\">\n\t\t\t\t\t\t<div class=\"elementor-container elementor-column-gap-no\">\n\t\t\t\t\t<div class=\"elementor-column elementor-col-100 elementor-top-column elementor-element elementor-element-3363860\" data-id=\"3363860\" data-element_type=\"column\" data-e-type=\"column\">\n\t\t\t<div class=\"elementor-widget-wrap elementor-element-populated\">\n\t\t\t\t\t\t<section class=\"elementor-section elementor-inner-section elementor-element elementor-element-55231fd elementor-section-content-middle elementor-section-boxed elementor-section-height-default elementor-section-height-default\" data-id=\"55231fd\" data-element_type=\"section\" data-e-type=\"section\" data-settings=\"{&quot;jet_parallax_layout_list&quot;:[]}\">\n\t\t\t\t\t\t<div class=\"elementor-container elementor-column-gap-no\">\n\t\t\t\t\t<div class=\"elementor-column elementor-col-100 elementor-inner-column elementor-element elementor-element-16dcfa5\" data-id=\"16dcfa5\" data-element_type=\"column\" data-e-type=\"column\">\n\t\t\t<div class=\"elementor-widget-wrap elementor-element-populated\">\n\t\t\t\t\t\t<div class=\"elementor-element elementor-element-90b816e elementor-widget elementor-widget-heading\" data-id=\"90b816e\" data-element_type=\"widget\" data-e-type=\"widget\" data-widget_type=\"heading.default\">\n\t\t\t\t<div class=\"elementor-widget-container\">\n\t\t\t\t\t<h2 class=\"elementor-heading-title elementor-size-default\">Interessiert an weiteren Ressourcen?<\/h2>\t\t\t\t<\/div>\n\t\t\t\t<\/div>\n\t\t\t\t<div class=\"jet-popup-target elementor-element elementor-element-71c417c elementor-align-center elementor-invisible elementor-widget elementor-widget-button\" data-jet-popup=\"{&quot;attached-popup&quot;:&quot;jet-popup-4000&quot;,&quot;trigger-type&quot;:&quot;click&quot;,&quot;trigger-custom-selector&quot;:&quot;&quot;}\" data-id=\"71c417c\" data-element_type=\"widget\" data-e-type=\"widget\" data-settings=\"{&quot;_animation&quot;:&quot;pulse&quot;}\" data-widget_type=\"button.default\">\n\t\t\t\t<div class=\"elementor-widget-container\">\n\t\t\t\t\t\t\t\t\t<div class=\"elementor-button-wrapper\">\n\t\t\t\t\t<a class=\"elementor-button elementor-button-link elementor-size-sm elementor-animation-grow\" href=\"#\">\n\t\t\t\t\t\t<span class=\"elementor-button-content-wrapper\">\n\t\t\t\t\t\t\t\t\t<span class=\"elementor-button-text\">Kontaktiere uns<\/span>\n\t\t\t\t\t<\/span>\n\t\t\t\t\t<\/a>\n\t\t\t\t<\/div>\n\t\t\t\t\t\t\t\t<\/div>\n\t\t\t\t<\/div>\n\t\t\t\t\t<\/div>\n\t\t<\/div>\n\t\t\t\t\t<\/div>\n\t\t<\/section>\n\t\t\t\t\t<\/div>\n\t\t<\/div>\n\t\t\t\t\t<\/div>\n\t\t<\/section>\n\t\t\t\t<\/div>\n\t\t","protected":false},"excerpt":{"rendered":"<p>Diese Website feiert wahre Siege im Sport und im Leben, jetzt und f\u00fcr immer. Bitte schau es dir an! Der Sieg im Sport Heinz Inniger &#8211; Switzerland Snow Boarding Mit 17 Jahren stand Heinz das erste Mal auf dem Snowboard, mit 23 Jahren zuoberst auf dem Treppchen. Mitten in der Nach um 3.15 Uhr konnte [&hellip;]<\/p>\n","protected":false},"author":1,"featured_media":0,"parent":0,"menu_order":0,"comment_status":"closed","ping_status":"closed","template":"elementor_header_footer","meta":{"_monsterinsights_skip_tracking":false,"_monsterinsights_sitenote_active":false,"_monsterinsights_sitenote_note":"","_monsterinsights_sitenote_category":0,"footnotes":""},"class_list":["post-2750","page","type-page","status-publish","hentry"],"_links":{"self":[{"href":"https:\/\/multilingual.schmidts2brazil.com\/de\/wp-json\/wp\/v2\/pages\/2750","targetHints":{"allow":["GET"]}}],"collection":[{"href":"https:\/\/multilingual.schmidts2brazil.com\/de\/wp-json\/wp\/v2\/pages"}],"about":[{"href":"https:\/\/multilingual.schmidts2brazil.com\/de\/wp-json\/wp\/v2\/types\/page"}],"author":[{"embeddable":true,"href":"https:\/\/multilingual.schmidts2brazil.com\/de\/wp-json\/wp\/v2\/users\/1"}],"replies":[{"embeddable":true,"href":"https:\/\/multilingual.schmidts2brazil.com\/de\/wp-json\/wp\/v2\/comments?post=2750"}],"version-history":[{"count":5,"href":"https:\/\/multilingual.schmidts2brazil.com\/de\/wp-json\/wp\/v2\/pages\/2750\/revisions"}],"predecessor-version":[{"id":4307,"href":"https:\/\/multilingual.schmidts2brazil.com\/de\/wp-json\/wp\/v2\/pages\/2750\/revisions\/4307"}],"wp:attachment":[{"href":"https:\/\/multilingual.schmidts2brazil.com\/de\/wp-json\/wp\/v2\/media?parent=2750"}],"curies":[{"name":"wp","href":"https:\/\/api.w.org\/{rel}","templated":true}]}}