{"id":2678,"date":"2019-09-09T13:27:54","date_gmt":"2019-09-09T13:27:54","guid":{"rendered":"http:\/\/multilingual.schmidts2brazil.com\/home\/"},"modified":"2022-10-11T13:57:54","modified_gmt":"2022-10-11T13:57:54","slug":"home","status":"publish","type":"page","link":"https:\/\/multilingual.schmidts2brazil.com\/it\/","title":{"rendered":"Home"},"content":{"rendered":"\t\t<div data-elementor-type=\"wp-page\" data-elementor-id=\"2678\" class=\"elementor elementor-2678\" data-elementor-post-type=\"page\">\n\t\t\t\t<div class=\"elementor-element elementor-element-85be1fc e-flex e-con-boxed e-con e-parent\" data-id=\"85be1fc\" data-element_type=\"container\" data-e-type=\"container\" data-settings=\"{&quot;background_background&quot;:&quot;classic&quot;,&quot;jet_parallax_layout_list&quot;:[]}\">\n\t\t\t\t\t<div class=\"e-con-inner\">\n\t\t\t\t<div class=\"elementor-element elementor-element-570d8b8 elementor-widget elementor-widget-heading\" data-id=\"570d8b8\" data-element_type=\"widget\" data-e-type=\"widget\" data-widget_type=\"heading.default\">\n\t\t\t\t<div class=\"elementor-widget-container\">\n\t\t\t\t\t<h2 class=\"elementor-heading-title elementor-size-default\">Questo sito celebra la vera vittoria nello sport e nella vita, ora e per sempre. Dacci un'occhiata!<\/h2>\t\t\t\t<\/div>\n\t\t\t\t<\/div>\n\t\t\t\t\t<\/div>\n\t\t\t\t<\/div>\n\t\t<div class=\"elementor-element elementor-element-7f1330e e-flex e-con-boxed e-con e-parent\" data-id=\"7f1330e\" data-element_type=\"container\" data-e-type=\"container\" data-settings=\"{&quot;jet_parallax_layout_list&quot;:[]}\">\n\t\t\t\t\t<div class=\"e-con-inner\">\n\t\t<div class=\"elementor-element elementor-element-a6c1533 e-con-full e-flex e-con e-parent\" data-id=\"a6c1533\" data-element_type=\"container\" data-e-type=\"container\" data-settings=\"{&quot;jet_parallax_layout_list&quot;:[]}\">\n\t\t\t\t<div class=\"elementor-element elementor-element-75ffb0b elementor-widget elementor-widget-heading\" data-id=\"75ffb0b\" data-element_type=\"widget\" data-e-type=\"widget\" data-widget_type=\"heading.default\">\n\t\t\t\t<div class=\"elementor-widget-container\">\n\t\t\t\t\t<h2 class=\"elementor-heading-title elementor-size-default\">Vittoria Nello Sport<\/h2>\t\t\t\t<\/div>\n\t\t\t\t<\/div>\n\t\t<div class=\"elementor-element elementor-element-33e8d74 e-con-full e-flex e-con e-parent\" data-id=\"33e8d74\" data-element_type=\"container\" data-e-type=\"container\" data-settings=\"{&quot;jet_parallax_layout_list&quot;:[]}\">\n\t\t<div class=\"elementor-element elementor-element-5d47e49 e-con-full e-flex e-con e-parent\" data-id=\"5d47e49\" data-element_type=\"container\" data-e-type=\"container\" data-settings=\"{&quot;jet_parallax_layout_list&quot;:[]}\">\n\t\t\t\t<div class=\"elementor-element elementor-element-f4bb973 elementor-widget elementor-widget-jet-team-member\" data-id=\"f4bb973\" data-element_type=\"widget\" data-e-type=\"widget\" data-widget_type=\"jet-team-member.default\">\n\t\t\t\t<div class=\"elementor-widget-container\">\n\t\t\t\t\t<div class=\"elementor-jet-team-member jet-elements\"><div class=\"jet-team-member\">\n\t<div class=\"jet-team-member__inner\">\n\t\t<div class=\"jet-team-member__image\">\n\t\t\t<div class=\"jet-team-member__cover\"><\/div>\n\t\t\t<figure class=\"jet-team-member__figure\"><img decoding=\"async\" width=\"121\" height=\"150\" src=\"https:\/\/multilingual.schmidts2brazil.com\/wp-content\/uploads\/2022\/04\/Ursula.V.jpg\" class=\"jet-team-member__img-tag\" alt=\"Ursula.V\" \/><\/figure>\t\t<\/div>\n\t\t<div class=\"jet-team-member__content\"><div class=\"jet-team-member__socials\"><div class=\"jet-team-member__socials-item\"><a href=\"#\" aria-label=\"Twitter\"><\/a><\/div><\/div><\/div>\n\t<\/div>\n<\/div>\n<\/div>\t\t\t\t<\/div>\n\t\t\t\t<\/div>\n\t\t\t\t<div class=\"elementor-element elementor-element-f118874 elementor-widget elementor-widget-heading\" data-id=\"f118874\" data-element_type=\"widget\" data-e-type=\"widget\" data-widget_type=\"heading.default\">\n\t\t\t\t<div class=\"elementor-widget-container\">\n\t\t\t\t\t<h2 class=\"elementor-heading-title elementor-size-default\">Ursula Bruhin - Switzerland - Snow Boarding<\/h2>\t\t\t\t<\/div>\n\t\t\t\t<\/div>\n\t\t\t\t<div class=\"elementor-element elementor-element-f2658c8 elementor-widget elementor-widget-text-editor\" data-id=\"f2658c8\" data-element_type=\"widget\" data-e-type=\"widget\" data-widget_type=\"text-editor.default\">\n\t\t\t\t<div class=\"elementor-widget-container\">\n\t\t\t\t\t\t\t\t\t<p>Ursula Bruhin era una snowboarder competitiva dal 1994 al 2006. In quel periodo vinse 20 gare della Coppa del Mondo, era la campionessa del mondo 4 volte e la prima nel ranking mondiale 3 volte. Il titolo che gli sfugg\u00ec era quello Olimpico. Nel 2002 era la vincitrice, ma non fu selezionata per le Olimpiadi. Per lei, era una grande delusione: \u201dEro sicura di far parte del team Olimpico Svizzero. Caddi nella prima gara di prova per le Olimpiadi e mi classificai al secondo posto nella seconda. Il selezionatore mi disse che se avessi fatto bene nella successiva gara di Coppa del Mondo mi avrebbero riconsiderata. Vinsi la gara ma non mi dissero nulla. Ero prima nella classifica mondiale, ma non fui selezionata per le Olimpiadi. Ero veramente delusa. Non riuscivo a capire perch\u00e9, se Dio voleva il meglio per me &#8211; non andare alle Olimpiadi? Poi capii: Dio vuole il meglio per me, quindi non andare alle Olimpiadi doveva essere il meglio per me\u201d. Nelle Olimpiadi del 2006 fui la settima nello slalom gigante parallelo. Essendo cresciuta in Svizzera si sempre circonda dalla neve. Il suo talento emerse fin dalla pi\u00f9 tenera et\u00e0. Si ricorda di essere stata portata sulla cima di una montagna quando aveva tre o quattro anni. \u201cSalimmo su una montagna solo per scendere sciando. I miei genitori erano preoccupati su come riportarmi gi\u00f9 &#8211; ma me la cavai e mi divertii moltissimo\u201d. Ursula crebbe andando a messa ma non sentendosene obbligata. Quando usc\u00ec casa non ci and\u00f2 pi\u00f9. \u201cPoi nel 1998 mi ritrovai in una sorta di crisi. Mi feci male, fui operata alle ginocchia e il mio fidanzato mi lasci\u00f2. Ingrassai perch\u00e9 non riuscivo a allenarmi e la mia autostima croll\u00f2. Mi sentii nervosa verso il mio fidanzato. Mia sorella fece parte di un gruppo di studio della Bibbia e mene sentivo molto felice\u201d. Mi disse: \u201dIo credo che Dio voglia il meglio per te, ma prima devi dimenticare il tuo ex fidanzato\u201d. Le risposi che non ci riuscivo e lei mi sugger\u00ec che con la preghiera Dio mi avrebbe dato la forza. E Lui rispose alle mie preghiere. Ero capace di dimenticarlo e subito mi sentii libera dall\u2019odio e dal nervosismo. Incominciai una nuova vita come Cristiana.<\/p><p>Lui mi mostr\u00f2 che se tu chiedi a Dio &#8211; Lui ti aiuter\u00e0, ti benedir\u00e0 e ti guarir\u00e0. Gradualmente la mia fede crebbe e io comincai a vedere che Dio era la causa della mia forza. Capii che vincere o perdere era tutto nelle mani di Dio, sotto il suo controllo. Quando disse alle sue compagne di squadra di essere una Cristiana provoc\u00f2 reazioni controverse: \u201dAll\u2019inizio le persone ridevano di me e degli altri Cristiani nella squadra. Poi gradatamente fecero domande e si interessarono in quello in cui noi credevamo. Poi mi facevano sempre pi\u00f9 domande. A quel punto, I Cristiani della squadra cominciarono a pregare insieme per queste persone.\u201d Per Ursula l\u2019essenza della sua fede \u00e8 sapere che Dio \u00e8 sempre con lei. \u201dAvere Ges\u00f9 nella mia vita fa una grossa differenza. Anche se fai uno sbaglio, Dio fa il meglio da questa situazione. Dio \u00e8 dietro di te e ti sorregge nei momenti di difficolt\u00e0. Non so come potrei vivere senza la presenza di Dio, sapendo che qualsiasi risultato ottengo in gara \u00e8 comunque buono e non mi preoccupo di cosa pu\u00f2 pensare Dio di me. Per essere il migliore nel mondo in uno sport si deve sopportare forte pressione. Le persone possono pensare che tu abbia tutto nella vita, ma ho imparato che conoscere Dio ed essere amata da Lui \u00e8 l\u2019unica cosa che mi rende soddisfatta.\u201d La riproduzione di questo contenuto non \u00e8 consentita senza il permesso esclusivo di Athletes In Action. www.beyondtheultimate.org<\/p>\t\t\t\t\t\t\t\t<\/div>\n\t\t\t\t<\/div>\n\t\t\t\t<\/div>\n\t\t\t\t<\/div>\n\t\t\t\t<\/div>\n\t\t\t\t\t<\/div>\n\t\t\t\t<\/div>\n\t\t<div class=\"elementor-element elementor-element-a341158 e-flex e-con-boxed e-con e-parent\" data-id=\"a341158\" data-element_type=\"container\" data-e-type=\"container\" data-settings=\"{&quot;jet_parallax_layout_list&quot;:[]}\">\n\t\t\t\t\t<div class=\"e-con-inner\">\n\t\t\t\t<div class=\"elementor-element elementor-element-e263f84 elementor-widget-divider--separator-type-pattern elementor-widget-divider--view-line elementor-widget elementor-widget-divider\" data-id=\"e263f84\" data-element_type=\"widget\" data-e-type=\"widget\" data-widget_type=\"divider.default\">\n\t\t\t\t<div class=\"elementor-widget-container\">\n\t\t\t\t\t\t\t<div class=\"elementor-divider\" style=\"--divider-pattern-url: url(&quot;data:image\/svg+xml,%3Csvg xmlns=&#039;http:\/\/www.w3.org\/2000\/svg&#039; preserveAspectRatio=&#039;none&#039; overflow=&#039;visible&#039; height=&#039;100%&#039; viewBox=&#039;0 0 24 24&#039; fill=&#039;none&#039; stroke=&#039;black&#039; stroke-width=&#039;1&#039; stroke-linecap=&#039;square&#039; stroke-miterlimit=&#039;10&#039;%3E%3Cpolyline points=&#039;0,18 12,6 24,18 &#039;\/%3E%3C\/svg%3E&quot;);\">\n\t\t\t<span class=\"elementor-divider-separator\">\n\t\t\t\t\t\t<\/span>\n\t\t<\/div>\n\t\t\t\t\t\t<\/div>\n\t\t\t\t<\/div>\n\t\t\t\t\t<\/div>\n\t\t\t\t<\/div>\n\t\t<div class=\"elementor-element elementor-element-e5c5893 e-flex e-con-boxed e-con e-parent\" data-id=\"e5c5893\" data-element_type=\"container\" data-e-type=\"container\" data-settings=\"{&quot;jet_parallax_layout_list&quot;:[]}\">\n\t\t\t\t\t<div class=\"e-con-inner\">\n\t\t<div class=\"elementor-element elementor-element-ac5f083 e-con-full e-flex e-con e-parent\" data-id=\"ac5f083\" data-element_type=\"container\" data-e-type=\"container\" data-settings=\"{&quot;jet_parallax_layout_list&quot;:[]}\">\n\t\t\t\t<div class=\"elementor-element elementor-element-889ccd9 elementor-widget elementor-widget-heading\" data-id=\"889ccd9\" data-element_type=\"widget\" data-e-type=\"widget\" data-widget_type=\"heading.default\">\n\t\t\t\t<div class=\"elementor-widget-container\">\n\t\t\t\t\t<h2 class=\"elementor-heading-title elementor-size-default\">Vittoria nella Vita<\/h2>\t\t\t\t<\/div>\n\t\t\t\t<\/div>\n\t\t<div class=\"elementor-element elementor-element-632c0ef e-con-full e-flex e-con e-parent\" data-id=\"632c0ef\" data-element_type=\"container\" data-e-type=\"container\" data-settings=\"{&quot;jet_parallax_layout_list&quot;:[]}\">\n\t\t<div class=\"elementor-element elementor-element-ea412b2 e-con-full e-flex e-con e-parent\" data-id=\"ea412b2\" data-element_type=\"container\" data-e-type=\"container\" data-settings=\"{&quot;jet_parallax_layout_list&quot;:[]}\">\n\t\t\t\t<div class=\"elementor-element elementor-element-b638640 elementor-widget elementor-widget-jet-team-member\" data-id=\"b638640\" data-element_type=\"widget\" data-e-type=\"widget\" data-widget_type=\"jet-team-member.default\">\n\t\t\t\t<div class=\"elementor-widget-container\">\n\t\t\t\t\t<div class=\"elementor-jet-team-member jet-elements\"><div class=\"jet-team-member\">\n\t<div class=\"jet-team-member__inner\">\n\t\t<div class=\"jet-team-member__image\">\n\t\t\t<div class=\"jet-team-member__cover\"><\/div>\n\t\t\t<figure class=\"jet-team-member__figure\"><img fetchpriority=\"high\" decoding=\"async\" width=\"1599\" height=\"870\" src=\"https:\/\/multilingual.schmidts2brazil.com\/wp-content\/uploads\/2022\/04\/heaven.jpg\" class=\"jet-team-member__img-tag\" alt=\"heaven\" srcset=\"https:\/\/multilingual.schmidts2brazil.com\/wp-content\/uploads\/2022\/04\/heaven.jpg 1599w, https:\/\/multilingual.schmidts2brazil.com\/wp-content\/uploads\/2022\/04\/heaven-300x163.jpg 300w, https:\/\/multilingual.schmidts2brazil.com\/wp-content\/uploads\/2022\/04\/heaven-1024x557.jpg 1024w, https:\/\/multilingual.schmidts2brazil.com\/wp-content\/uploads\/2022\/04\/heaven-768x418.jpg 768w, https:\/\/multilingual.schmidts2brazil.com\/wp-content\/uploads\/2022\/04\/heaven-1536x836.jpg 1536w\" sizes=\"(max-width: 1599px) 100vw, 1599px\" \/><\/figure>\t\t<\/div>\n\t\t<div class=\"jet-team-member__content\"><div class=\"jet-team-member__socials\"><div class=\"jet-team-member__socials-item\"><a href=\"#\" aria-label=\"Twitter\"><\/a><\/div><\/div><\/div>\n\t<\/div>\n<\/div>\n<\/div>\t\t\t\t<\/div>\n\t\t\t\t<\/div>\n\t\t\t\t<div class=\"elementor-element elementor-element-545bd2b elementor-widget elementor-widget-heading\" data-id=\"545bd2b\" data-element_type=\"widget\" data-e-type=\"widget\" data-widget_type=\"heading.default\">\n\t\t\t\t<div class=\"elementor-widget-container\">\n\t\t\t\t\t<h2 class=\"elementor-heading-title elementor-size-default\">Il semplice piano di Dio per la salvezza dell'umanit\u00e0<\/h2>\t\t\t\t<\/div>\n\t\t\t\t<\/div>\n\t\t\t\t<div class=\"elementor-element elementor-element-8ad80f7 elementor-widget elementor-widget-text-editor\" data-id=\"8ad80f7\" data-element_type=\"widget\" data-e-type=\"widget\" data-widget_type=\"text-editor.default\">\n\t\t\t\t<div class=\"elementor-widget-container\">\n\t\t\t\t\t\t\t\t\t<div data-pm-slice=\"1 1 []\" data-en-clipboard=\"true\">Dio dice che per andare in cielo, tu devi nascere di nuovo. Infatti, secondo il Vangelo di Giovanni 3:7, Ges\u00f9 disse a Nicodemo: \u201cDovete nascere di nuovo\u201d. Nella Bibbia Dio ci rivela il Suo piano per farci essere rinati, che significa essere salvati. E il Suo piano \u00e8 semplice! Tu puoi essere salvato oggi stesso. Come?<\/div><div data-pm-slice=\"1 1 []\" data-en-clipboard=\"true\">\u00a0<\/div><div><b>Inanzitutto, devi ammettere di essere un peccatore. Infatti, \u201c. . . tutti hanno peccato e sono privi della gloria di Dio\u201d (Romani 3:23).<\/b><\/div><div>E siccome sei un peccatore, sei condannato a morte: \u201c. . . il salario del peccato \u00e8 la morte . . .\u201d (Romani 6:23). .<\/div><div>\u00a0<\/div><div>Dio comunque ti ha tanto amato che ha dato il Suo unigenito Figliuolo, Ges\u00f9, affinch\u00e9 il tuo peccato fosse imputato a Lui e morisse al tuo posto: \u201c. . . Egli (Dio Padre) ha fatto essere peccato per noi Colui (Ges\u00f9) che non ha conosciuto peccato, affinch\u00e9 noi potessimo diventare giustizia di Dio in Lui\u201d (2 Corinzi 5:21). Ges\u00f9 quindi dovette versare il Suo sangue e morire. Infatti, \u201c. . . la vita della carne \u00e8 nel sangue. \u201d (Levitico 17:11) e \u201c. . . senza spargimento di sangue non c\u2019\u00e8 perdono dei peccati\u201d (Ebrei 9:22). \u201cMa Dio manifesta il suo amore verso di noi in questo che, mentre eravamo ancora peccatori, Cristo \u00e8 morto per noi\u201d (Romani 5:8). Sebbene non possiamo capire perch\u00e8 Dio ha detto che i miei peccati ed i tuoi peccati sono stati imputati a Ges\u00f9, e che Egli mor\u00ec al posto nostro. Egli \u00e8 diventato il nostro sostituto e questo \u00e8 vero, perch\u00e9 Dio non pu\u00f2 mentire. Amico mio, \u201c. . . Dio comanda a tutti gli uomini e dappertutto che si ravvedano\u201d. (Atti 17:30). Questo ravvedimento o pentimento comporta un cambiamento di mentalit\u00e0 per cui si concorda con Dio sul fatto che ogni essere umano \u00e8 un peccatore, ed anche si riconosce quanto Ges\u00f9 ha fatto per noi sulla Croce.<\/div><div>\u00a0<\/div><div>Negli Atti degli Apostoli 16:30-31, il carceriere di Filippi chiese a Paolo e a Sila: \u201cSignori, cosa devo fare per essere salvato?\u201d Ed essi risposero: \u201cCredi nel Signore Ges\u00f9 Cristo, e sarai salvato. . .\u201d Credi, dunque, semplicemente in Ges\u00f9 come Colui al quale \u00e8 stato imputato il tuo peccato, come Colui che \u00e8 morto al posto tuo, fu sepolto e che Dio ha risuscitato. E la sua risurrezione ci assicura in maniera assoluta che il credente ha diritto alla vita eterna quando Ges\u00f9 viene accettato come Salvatore: \u201cma a tutti coloro che lo hanno ricevuto, egli ha dato l\u2019autorit\u00e0 di diventare figli di Dio, a quelli che credono nel suo nome\u201d (Giovanni 1:12). \u201cInfatti: &lt;&gt;\u201d (Romani 10:13). Quel \u201cchiunque\u201d comprende anche te, e \u201csar\u00e0 salvato\u201d significa che sarai effettivamente salvato. Quindi, prima di tutto, devi renderti conto del fatto che sei un peccatore. Poi, proprio ora, chiunque tu sia, pentendoti, eleva il tuo cuore a Dio in preghiera. Nel Vangelo di Luca 18:13, un peccatore cos\u00ec preg\u00f2: \u201cO Dio, sii placato verso me peccatore\u201d. Anche tu allora prega cos\u00ec: \u201cMio Dio, riconosco di essere peccatore. Credo che Ges\u00f9 \u00e8 stato il mio sostituto quando mor\u00ec sulla croce. Credo che quel versamento di sangue, quella morte, quel seppellimento e quella risurrezione avvennero per me. Ora quindi Lo accetto quale mio Salvatore. Ti ringrazio per aver perdonato I miei peccati, per il dono della salvezza e della vita eterna, dono dovuto alla Tua grazia che scaturisce dalla Tua misericordia. Amen\u201d. Credi in Dio e chiedi di essere salvato mediante la tua fede in Ges\u00f9. Nessuna chiesa, nessuna organizzazione, n\u00e9 le buone opere possono salvarti. Ricordati: \u00e8 Dio che salva &#8211; solo Lui!<\/div><div>\u00a0<\/div><div>Dunque, il semplice piano salvifico di Dio \u00e8 questo: tu sei un peccatore. Di conseguenza, se non credi che Ges\u00f9 morisse al tuo posto, passerai l\u2019eternit\u00e0 nell\u2019Inferno. Se lo acetti come Salvatore credendo che fu crocifisso, seppelito e si risorse, riceverai il perdono di tutti i tuoi peccati ed il dono della salvezza eterna per fede. Forse diresti: \u201cNon \u00e8 possibile che tutto sia cos\u00ec semplice!\u201d Ma s\u00ec, \u00e8 proprio cos\u00ec semplice! E\u2019 quello che leggiamo nella Bibbia. E\u2019 il piano di Dio. S\u00ec, amico mio, credi in Ges\u00f9 ed accettalo oggi come il tuo Salvatore. Se questo piano non \u00e8 tutto chiaro, leggi e rileggi questo messaggio, senza metterlo da parte finch\u00e9 non l\u2019hai capito bene. La tua anima vale pi\u00f9 di tutto il mondo. Infatti leggiamo nel Vangelo di Marco 8:36, \u201cChe giover\u00e0 infatti all\u2019uomo guadagnare il mondo intero, se poi perde l\u2019anima sua?\u201d<\/div><p>Accertati di essere salvato. Se perdi l\u2019anima tua, perdi il Paradiso e perdi tutto. Ti prego! Lascia che Dio ti salvi in questo istante! La potenza di Dio ti salver\u00e0, e ti salver\u00e0 per sempre e ti far\u00e0 condurre una vita vittoriosa: \u201cNessuna tentazione vi ha finora colti se non umana; or Dio \u00e8 fedele e non permetter\u00e0 che siate tentati oltre le vostre forze, ma con la tentazione vi dar\u00e0 anche la via d\u2019uscita, affinch\u00e9 la possiate sostenere\u201d (1 Corinzi 10:13).<\/p><p>Non fidarti dei tuoi sentimenti, che cambiano. Attieniti alle promesse di Dio, che non cambiano mai.<\/p><p>Dopo essere stato salvato, ci sono tre cose da fare ogni giorno per crescere spiritualmente: prega, perch\u00e9 cos\u00ec parlerai con Dio; leggi la Bibbia, perch\u00e9 cos\u00ec Dio ti parler\u00e0; testimonia, perch\u00e9 cos\u00ec tu parlerai di Dio agli altri.<\/p><p>Ora devi essere battezzato, dando una testimonianza pubblica della tua salvezza; e poi devi far parte, al pi\u00f9 presto, di una chiesa che crede nella Bibbia &#8211; \u201cNon vergognarti dunque della testimonianza del Signor nostro. . .\u201d (2 Timoteo 1:8). Poich\u00e9, dice il Signore, \u201cChiunque perci\u00f2 mi riconoscer\u00e0 davanti agli uomini, io pure lo riconoscer\u00f2 davanti al Padre mio che \u00e8 nei cieli\u201d (Matteo 10:32)<\/p>\t\t\t\t\t\t\t\t<\/div>\n\t\t\t\t<\/div>\n\t\t\t\t<\/div>\n\t\t\t\t<\/div>\n\t\t\t\t<\/div>\n\t\t\t\t\t<\/div>\n\t\t\t\t<\/div>\n\t\t\t\t<section class=\"elementor-section elementor-top-section elementor-element elementor-element-e854ab6 elementor-section-height-min-height elementor-section-items-stretch elementor-section-content-middle elementor-section-boxed elementor-section-height-default\" data-id=\"e854ab6\" data-element_type=\"section\" data-e-type=\"section\" data-settings=\"{&quot;background_background&quot;:&quot;classic&quot;,&quot;jet_parallax_layout_list&quot;:[]}\">\n\t\t\t\t\t\t<div class=\"elementor-container elementor-column-gap-no\">\n\t\t\t\t\t<div class=\"elementor-column elementor-col-100 elementor-top-column elementor-element elementor-element-5184783\" data-id=\"5184783\" data-element_type=\"column\" data-e-type=\"column\">\n\t\t\t<div class=\"elementor-widget-wrap elementor-element-populated\">\n\t\t\t\t\t\t<div class=\"elementor-element elementor-element-14dad0c elementor-widget elementor-widget-video\" data-id=\"14dad0c\" data-element_type=\"widget\" data-e-type=\"widget\" data-settings=\"{&quot;video_type&quot;:&quot;hosted&quot;,&quot;controls&quot;:&quot;yes&quot;}\" data-widget_type=\"video.default\">\n\t\t\t\t<div class=\"elementor-widget-container\">\n\t\t\t\t\t\t\t<div class=\"e-hosted-video elementor-wrapper elementor-open-inline\">\n\t\t\t\t\t<video class=\"elementor-video\" src=\"http:\/\/multilingual.schmidts2brazil.com\/wp-content\/uploads\/2022\/08\/Gospel-Film-Itallian-Apple-Devices-SD-Standard-Video-Compression-Web.mp4\" controls=\"\" preload=\"metadata\" controlsList=\"nodownload\"><\/video>\n\t\t\t\t<\/div>\n\t\t\t\t\t\t<\/div>\n\t\t\t\t<\/div>\n\t\t\t\t\t<\/div>\n\t\t<\/div>\n\t\t\t\t\t<\/div>\n\t\t<\/section>\n\t\t\t\t<section class=\"elementor-section elementor-top-section elementor-element elementor-element-6352c29 elementor-section-full_width elementor-section-height-min-height elementor-section-items-stretch elementor-section-content-middle elementor-section-height-default\" data-id=\"6352c29\" data-element_type=\"section\" data-e-type=\"section\" data-settings=\"{&quot;background_background&quot;:&quot;classic&quot;,&quot;jet_parallax_layout_list&quot;:[]}\">\n\t\t\t\t\t\t<div class=\"elementor-container elementor-column-gap-no\">\n\t\t\t\t\t<div class=\"elementor-column elementor-col-100 elementor-top-column elementor-element elementor-element-a5469f5\" data-id=\"a5469f5\" data-element_type=\"column\" data-e-type=\"column\">\n\t\t\t<div class=\"elementor-widget-wrap elementor-element-populated\">\n\t\t\t\t\t\t<section class=\"elementor-section elementor-inner-section elementor-element elementor-element-6e10fce elementor-section-content-middle elementor-section-boxed elementor-section-height-default elementor-section-height-default\" data-id=\"6e10fce\" data-element_type=\"section\" data-e-type=\"section\" data-settings=\"{&quot;jet_parallax_layout_list&quot;:[]}\">\n\t\t\t\t\t\t<div class=\"elementor-container elementor-column-gap-no\">\n\t\t\t\t\t<div class=\"elementor-column elementor-col-100 elementor-inner-column elementor-element elementor-element-41836a9\" data-id=\"41836a9\" data-element_type=\"column\" data-e-type=\"column\">\n\t\t\t<div class=\"elementor-widget-wrap elementor-element-populated\">\n\t\t\t\t\t\t<div class=\"elementor-element elementor-element-e693ef8 elementor-widget elementor-widget-heading\" data-id=\"e693ef8\" data-element_type=\"widget\" data-e-type=\"widget\" data-widget_type=\"heading.default\">\n\t\t\t\t<div class=\"elementor-widget-container\">\n\t\t\t\t\t<h2 class=\"elementor-heading-title elementor-size-default\">Ti interessano pi\u00f9 risorse?<\/h2>\t\t\t\t<\/div>\n\t\t\t\t<\/div>\n\t\t\t\t<div class=\"jet-popup-target elementor-element elementor-element-07a14e9 elementor-align-center elementor-invisible elementor-widget elementor-widget-button\" data-jet-popup=\"{&quot;attached-popup&quot;:&quot;jet-popup-3773&quot;,&quot;trigger-type&quot;:&quot;click&quot;,&quot;trigger-custom-selector&quot;:&quot;&quot;}\" data-id=\"07a14e9\" data-element_type=\"widget\" data-e-type=\"widget\" data-settings=\"{&quot;_animation&quot;:&quot;pulse&quot;}\" data-widget_type=\"button.default\">\n\t\t\t\t<div class=\"elementor-widget-container\">\n\t\t\t\t\t\t\t\t\t<div class=\"elementor-button-wrapper\">\n\t\t\t\t\t<a class=\"elementor-button elementor-size-sm elementor-animation-grow\" role=\"button\">\n\t\t\t\t\t\t<span class=\"elementor-button-content-wrapper\">\n\t\t\t\t\t\t\t\t\t<span class=\"elementor-button-text\">Contattaci<\/span>\n\t\t\t\t\t<\/span>\n\t\t\t\t\t<\/a>\n\t\t\t\t<\/div>\n\t\t\t\t\t\t\t\t<\/div>\n\t\t\t\t<\/div>\n\t\t\t\t\t<\/div>\n\t\t<\/div>\n\t\t\t\t\t<\/div>\n\t\t<\/section>\n\t\t\t\t\t<\/div>\n\t\t<\/div>\n\t\t\t\t\t<\/div>\n\t\t<\/section>\n\t\t\t\t<\/div>\n\t\t","protected":false},"excerpt":{"rendered":"<p>Questo sito celebra la vera vittoria nello sport e nella vita, ora e per sempre. Dacci un&#8217;occhiata! Vittoria Nello Sport Ursula Bruhin &#8211; Switzerland &#8211; Snow Boarding Ursula Bruhin era una snowboarder competitiva dal 1994 al 2006. In quel periodo vinse 20 gare della Coppa del Mondo, era la campionessa del mondo 4 volte e [&hellip;]<\/p>\n","protected":false},"author":1,"featured_media":0,"parent":0,"menu_order":0,"comment_status":"closed","ping_status":"closed","template":"elementor_header_footer","meta":{"_monsterinsights_skip_tracking":false,"_monsterinsights_sitenote_active":false,"_monsterinsights_sitenote_note":"","_monsterinsights_sitenote_category":0,"footnotes":""},"class_list":["post-2678","page","type-page","status-publish","hentry"],"_links":{"self":[{"href":"https:\/\/multilingual.schmidts2brazil.com\/it\/wp-json\/wp\/v2\/pages\/2678","targetHints":{"allow":["GET"]}}],"collection":[{"href":"https:\/\/multilingual.schmidts2brazil.com\/it\/wp-json\/wp\/v2\/pages"}],"about":[{"href":"https:\/\/multilingual.schmidts2brazil.com\/it\/wp-json\/wp\/v2\/types\/page"}],"author":[{"embeddable":true,"href":"https:\/\/multilingual.schmidts2brazil.com\/it\/wp-json\/wp\/v2\/users\/1"}],"replies":[{"embeddable":true,"href":"https:\/\/multilingual.schmidts2brazil.com\/it\/wp-json\/wp\/v2\/comments?post=2678"}],"version-history":[{"count":8,"href":"https:\/\/multilingual.schmidts2brazil.com\/it\/wp-json\/wp\/v2\/pages\/2678\/revisions"}],"predecessor-version":[{"id":4851,"href":"https:\/\/multilingual.schmidts2brazil.com\/it\/wp-json\/wp\/v2\/pages\/2678\/revisions\/4851"}],"wp:attachment":[{"href":"https:\/\/multilingual.schmidts2brazil.com\/it\/wp-json\/wp\/v2\/media?parent=2678"}],"curies":[{"name":"wp","href":"https:\/\/api.w.org\/{rel}","templated":true}]}}